{"id":3494,"date":"2020-12-18T08:47:35","date_gmt":"2020-12-18T07:47:35","guid":{"rendered":"https:\/\/lsigroup.se\/?page_id=3494"},"modified":"2020-12-18T08:51:36","modified_gmt":"2020-12-18T07:51:36","slug":"a-days-march","status":"publish","type":"page","link":"https:\/\/lsigroup.se\/en\/a-days-march\/","title":{"rendered":"A Day&#8217;s March"},"content":{"rendered":"\t\t<div data-elementor-type=\"wp-page\" data-elementor-id=\"3494\" class=\"elementor elementor-3494 elementor-3493\" data-elementor-post-type=\"page\">\n\t\t\t\t\t\t<section class=\"elementor-section elementor-top-section elementor-element elementor-element-394404a elementor-section-full_width elementor-section-height-min-height elementor-section-height-default elementor-section-items-middle\" data-id=\"394404a\" data-element_type=\"section\" data-e-type=\"section\" data-settings=\"{&quot;background_background&quot;:&quot;classic&quot;,&quot;shape_divider_bottom&quot;:&quot;triangle&quot;,&quot;shape_divider_bottom_negative&quot;:&quot;yes&quot;}\">\n\t\t\t\t\t\t\t<div class=\"elementor-background-overlay\"><\/div>\n\t\t\t\t\t\t<div class=\"elementor-shape elementor-shape-bottom\" aria-hidden=\"true\" data-negative=\"true\">\n\t\t\t<svg xmlns=\"http:\/\/www.w3.org\/2000\/svg\" viewBox=\"0 0 1000 100\" preserveAspectRatio=\"none\">\n\t<path class=\"elementor-shape-fill\" d=\"M500.2,94.7L0,0v100h1000V0L500.2,94.7z\"\/>\n<\/svg>\t\t<\/div>\n\t\t\t\t\t<div class=\"elementor-container elementor-column-gap-no\">\n\t\t\t\t\t<div class=\"elementor-column elementor-col-100 elementor-top-column elementor-element elementor-element-61cc93b\" data-id=\"61cc93b\" data-element_type=\"column\" data-e-type=\"column\">\n\t\t\t<div class=\"elementor-widget-wrap elementor-element-populated\">\n\t\t\t\t\t\t<div class=\"elementor-element elementor-element-d47b1c4 elementor-widget-mobile__width-inherit elementor-widget elementor-widget-image\" data-id=\"d47b1c4\" data-element_type=\"widget\" data-e-type=\"widget\" data-widget_type=\"image.default\">\n\t\t\t\t<div class=\"elementor-widget-container\">\n\t\t\t\t\t\t\t\t\t\t\t\t\t\t\t<img fetchpriority=\"high\" decoding=\"async\" width=\"768\" height=\"218\" src=\"https:\/\/lsigroup.se\/wp-content\/uploads\/2020\/12\/test2jpg-768x218.jpg\" class=\"attachment-medium_large size-medium_large wp-image-3523\" alt=\"\" srcset=\"https:\/\/lsigroup.se\/wp-content\/uploads\/2020\/12\/test2jpg-768x218.jpg 768w, https:\/\/lsigroup.se\/wp-content\/uploads\/2020\/12\/test2jpg-300x85.jpg 300w, https:\/\/lsigroup.se\/wp-content\/uploads\/2020\/12\/test2jpg-1024x291.jpg 1024w, https:\/\/lsigroup.se\/wp-content\/uploads\/2020\/12\/test2jpg.jpg 1041w\" sizes=\"(max-width: 768px) 100vw, 768px\" \/>\t\t\t\t\t\t\t\t\t\t\t\t\t\t\t<\/div>\n\t\t\t\t<\/div>\n\t\t\t\t\t<\/div>\n\t\t<\/div>\n\t\t\t\t\t<\/div>\n\t\t<\/section>\n\t\t\t\t<section class=\"elementor-section elementor-top-section elementor-element elementor-element-899de8c elementor-section-boxed elementor-section-height-default elementor-section-height-default\" data-id=\"899de8c\" data-element_type=\"section\" data-e-type=\"section\" data-settings=\"{&quot;shape_divider_bottom&quot;:&quot;triangle&quot;,&quot;shape_divider_bottom_negative&quot;:&quot;yes&quot;}\">\n\t\t\t\t\t<div class=\"elementor-shape elementor-shape-bottom\" aria-hidden=\"true\" data-negative=\"true\">\n\t\t\t<svg xmlns=\"http:\/\/www.w3.org\/2000\/svg\" viewBox=\"0 0 1000 100\" preserveAspectRatio=\"none\">\n\t<path class=\"elementor-shape-fill\" d=\"M500.2,94.7L0,0v100h1000V0L500.2,94.7z\"\/>\n<\/svg>\t\t<\/div>\n\t\t\t\t\t<div class=\"elementor-container elementor-column-gap-wider\">\n\t\t\t\t\t<div class=\"elementor-column elementor-col-100 elementor-top-column elementor-element elementor-element-956a212\" data-id=\"956a212\" data-element_type=\"column\" data-e-type=\"column\">\n\t\t\t<div class=\"elementor-widget-wrap elementor-element-populated\">\n\t\t\t\t\t\t<div class=\"elementor-element elementor-element-373042c elementor-widget__width-auto elementor-hidden-phone elementor-widget elementor-widget-image\" data-id=\"373042c\" data-element_type=\"widget\" data-e-type=\"widget\" data-widget_type=\"image.default\">\n\t\t\t\t<div class=\"elementor-widget-container\">\n\t\t\t\t\t\t\t\t\t\t\t\t\t\t\t<img decoding=\"async\" width=\"326\" height=\"2\" data-src=\"https:\/\/lsigroup.se\/wp-content\/uploads\/2019\/12\/gradient-linje-h.png\" class=\"attachment-full size-full wp-image-1360 lazyload\" alt=\"\" data-srcset=\"https:\/\/lsigroup.se\/wp-content\/uploads\/2019\/12\/gradient-linje-h.png 326w, https:\/\/lsigroup.se\/wp-content\/uploads\/2019\/12\/gradient-linje-h-300x2.png 300w, https:\/\/lsigroup.se\/wp-content\/uploads\/2019\/12\/gradient-linje-h-150x2.png 150w\" data-sizes=\"auto\" src=\"data:image\/svg+xml;base64,PHN2ZyB3aWR0aD0iMSIgaGVpZ2h0PSIxIiB4bWxucz0iaHR0cDovL3d3dy53My5vcmcvMjAwMC9zdmciPjwvc3ZnPg==\" style=\"--smush-placeholder-width: 326px; --smush-placeholder-aspect-ratio: 326\/2;\" data-original-sizes=\"(max-width: 326px) 100vw, 326px\" \/>\t\t\t\t\t\t\t\t\t\t\t\t\t\t\t<\/div>\n\t\t\t\t<\/div>\n\t\t\t\t<div class=\"elementor-element elementor-element-a858d3b elementor-widget__width-auto elementor-widget elementor-widget-heading\" data-id=\"a858d3b\" data-element_type=\"widget\" data-e-type=\"widget\" data-widget_type=\"heading.default\">\n\t\t\t\t<div class=\"elementor-widget-container\">\n\t\t\t\t\t<h1 class=\"elementor-heading-title elementor-size-default\">BRAND<\/h1>\t\t\t\t<\/div>\n\t\t\t\t<\/div>\n\t\t\t\t<div class=\"elementor-element elementor-element-b6487b5 elementor-widget__width-auto elementor-hidden-phone elementor-widget elementor-widget-image\" data-id=\"b6487b5\" data-element_type=\"widget\" data-e-type=\"widget\" data-widget_type=\"image.default\">\n\t\t\t\t<div class=\"elementor-widget-container\">\n\t\t\t\t\t\t\t\t\t\t\t\t\t\t\t<img decoding=\"async\" width=\"330\" height=\"2\" data-src=\"https:\/\/lsigroup.se\/wp-content\/uploads\/2019\/12\/gradient-linje-v.png\" class=\"attachment-full size-full wp-image-1361 lazyload\" alt=\"\" data-srcset=\"https:\/\/lsigroup.se\/wp-content\/uploads\/2019\/12\/gradient-linje-v.png 330w, https:\/\/lsigroup.se\/wp-content\/uploads\/2019\/12\/gradient-linje-v-300x2.png 300w, https:\/\/lsigroup.se\/wp-content\/uploads\/2019\/12\/gradient-linje-v-150x2.png 150w\" data-sizes=\"auto\" src=\"data:image\/svg+xml;base64,PHN2ZyB3aWR0aD0iMSIgaGVpZ2h0PSIxIiB4bWxucz0iaHR0cDovL3d3dy53My5vcmcvMjAwMC9zdmciPjwvc3ZnPg==\" style=\"--smush-placeholder-width: 330px; --smush-placeholder-aspect-ratio: 330\/2;\" data-original-sizes=\"(max-width: 330px) 100vw, 330px\" \/>\t\t\t\t\t\t\t\t\t\t\t\t\t\t\t<\/div>\n\t\t\t\t<\/div>\n\t\t\t\t<div class=\"elementor-element elementor-element-78127de elementor-widget elementor-widget-text-editor\" data-id=\"78127de\" data-element_type=\"widget\" data-e-type=\"widget\" data-widget_type=\"text-editor.default\">\n\t\t\t\t<div class=\"elementor-widget-container\">\n\t\t\t\t\t\t\t\t\t<p>A Day\u2019s March was founded in 2014 by Marcus G\u00e5rd\u00f6, Pelle Lundquist and Stefan Pagr\u00e9us, with the idea of offering timeless, high-quality menswear at a better price. <span class=\"JLqJ4b ChMk0b\" data-language-for-alternatives=\"en\" data-language-to-translate-into=\"sv\" data-phrase-index=\"1\">The name, A Day&#8217;s March, is borrowed from an old military term that refers to how far an army can move in a day. It reflects the brand&#8217;s ambition to create clothing that helps the wearer get through the days successes and hardships.<span class=\"JLqJ4b\" data-language-for-alternatives=\"en\" data-language-to-translate-into=\"sv\" data-phrase-index=\"3\">\u00a0<\/span><\/span><\/p><p>The brand is today physically established in several places in Sweden, as well in Copenhagen and London.<\/p>\t\t\t\t\t\t\t\t<\/div>\n\t\t\t\t<\/div>\n\t\t\t\t<div class=\"elementor-element elementor-element-e2fd9e2 elementor-widget elementor-widget-image\" data-id=\"e2fd9e2\" data-element_type=\"widget\" data-e-type=\"widget\" data-widget_type=\"image.default\">\n\t\t\t\t<div class=\"elementor-widget-container\">\n\t\t\t\t\t\t\t\t\t\t\t\t\t\t\t<img decoding=\"async\" width=\"1536\" height=\"1025\" data-src=\"https:\/\/lsigroup.se\/wp-content\/uploads\/2020\/12\/case-1536x1025.jpg\" class=\"attachment-1536x1536 size-1536x1536 wp-image-3499 lazyload\" alt=\"\" data-srcset=\"https:\/\/lsigroup.se\/wp-content\/uploads\/2020\/12\/case-1536x1025.jpg 1536w, https:\/\/lsigroup.se\/wp-content\/uploads\/2020\/12\/case-300x200.jpg 300w, https:\/\/lsigroup.se\/wp-content\/uploads\/2020\/12\/case-1024x684.jpg 1024w, https:\/\/lsigroup.se\/wp-content\/uploads\/2020\/12\/case-768x513.jpg 768w, https:\/\/lsigroup.se\/wp-content\/uploads\/2020\/12\/case.jpg 2000w\" data-sizes=\"auto\" src=\"data:image\/svg+xml;base64,PHN2ZyB3aWR0aD0iMSIgaGVpZ2h0PSIxIiB4bWxucz0iaHR0cDovL3d3dy53My5vcmcvMjAwMC9zdmciPjwvc3ZnPg==\" style=\"--smush-placeholder-width: 1536px; --smush-placeholder-aspect-ratio: 1536\/1025;\" data-original-sizes=\"(max-width: 1536px) 100vw, 1536px\" \/>\t\t\t\t\t\t\t\t\t\t\t\t\t\t\t<\/div>\n\t\t\t\t<\/div>\n\t\t\t\t\t<\/div>\n\t\t<\/div>\n\t\t\t\t\t<\/div>\n\t\t<\/section>\n\t\t\t\t<section class=\"elementor-section elementor-top-section elementor-element elementor-element-7b9192d elementor-section-boxed elementor-section-height-default elementor-section-height-default\" data-id=\"7b9192d\" data-element_type=\"section\" data-e-type=\"section\" data-settings=\"{&quot;shape_divider_bottom&quot;:&quot;triangle&quot;,&quot;shape_divider_bottom_negative&quot;:&quot;yes&quot;}\">\n\t\t\t\t\t<div class=\"elementor-shape elementor-shape-bottom\" aria-hidden=\"true\" data-negative=\"true\">\n\t\t\t<svg xmlns=\"http:\/\/www.w3.org\/2000\/svg\" viewBox=\"0 0 1000 100\" preserveAspectRatio=\"none\">\n\t<path class=\"elementor-shape-fill\" d=\"M500.2,94.7L0,0v100h1000V0L500.2,94.7z\"\/>\n<\/svg>\t\t<\/div>\n\t\t\t\t\t<div class=\"elementor-container elementor-column-gap-wider\">\n\t\t\t\t\t<div class=\"elementor-column elementor-col-100 elementor-top-column elementor-element elementor-element-c956fcc\" data-id=\"c956fcc\" data-element_type=\"column\" data-e-type=\"column\">\n\t\t\t<div class=\"elementor-widget-wrap elementor-element-populated\">\n\t\t\t\t\t\t<div class=\"elementor-element elementor-element-31274a6 elementor-widget__width-auto elementor-hidden-phone elementor-widget elementor-widget-image\" data-id=\"31274a6\" data-element_type=\"widget\" data-e-type=\"widget\" data-widget_type=\"image.default\">\n\t\t\t\t<div class=\"elementor-widget-container\">\n\t\t\t\t\t\t\t\t\t\t\t\t\t\t\t<img decoding=\"async\" width=\"326\" height=\"2\" data-src=\"https:\/\/lsigroup.se\/wp-content\/uploads\/2019\/12\/gradient-linje-h.png\" class=\"attachment-full size-full wp-image-1360 lazyload\" alt=\"\" data-srcset=\"https:\/\/lsigroup.se\/wp-content\/uploads\/2019\/12\/gradient-linje-h.png 326w, https:\/\/lsigroup.se\/wp-content\/uploads\/2019\/12\/gradient-linje-h-300x2.png 300w, https:\/\/lsigroup.se\/wp-content\/uploads\/2019\/12\/gradient-linje-h-150x2.png 150w\" data-sizes=\"auto\" src=\"data:image\/svg+xml;base64,PHN2ZyB3aWR0aD0iMSIgaGVpZ2h0PSIxIiB4bWxucz0iaHR0cDovL3d3dy53My5vcmcvMjAwMC9zdmciPjwvc3ZnPg==\" style=\"--smush-placeholder-width: 326px; --smush-placeholder-aspect-ratio: 326\/2;\" data-original-sizes=\"(max-width: 326px) 100vw, 326px\" \/>\t\t\t\t\t\t\t\t\t\t\t\t\t\t\t<\/div>\n\t\t\t\t<\/div>\n\t\t\t\t<div class=\"elementor-element elementor-element-c960174 elementor-widget__width-auto elementor-widget elementor-widget-heading\" data-id=\"c960174\" data-element_type=\"widget\" data-e-type=\"widget\" data-widget_type=\"heading.default\">\n\t\t\t\t<div class=\"elementor-widget-container\">\n\t\t\t\t\t<h1 class=\"elementor-heading-title elementor-size-default\">PROCESS<\/h1>\t\t\t\t<\/div>\n\t\t\t\t<\/div>\n\t\t\t\t<div class=\"elementor-element elementor-element-dc8f4aa elementor-widget__width-auto elementor-hidden-phone elementor-widget elementor-widget-image\" data-id=\"dc8f4aa\" data-element_type=\"widget\" data-e-type=\"widget\" data-widget_type=\"image.default\">\n\t\t\t\t<div class=\"elementor-widget-container\">\n\t\t\t\t\t\t\t\t\t\t\t\t\t\t\t<img decoding=\"async\" width=\"330\" height=\"2\" data-src=\"https:\/\/lsigroup.se\/wp-content\/uploads\/2019\/12\/gradient-linje-v.png\" class=\"attachment-full size-full wp-image-1361 lazyload\" alt=\"\" data-srcset=\"https:\/\/lsigroup.se\/wp-content\/uploads\/2019\/12\/gradient-linje-v.png 330w, https:\/\/lsigroup.se\/wp-content\/uploads\/2019\/12\/gradient-linje-v-300x2.png 300w, https:\/\/lsigroup.se\/wp-content\/uploads\/2019\/12\/gradient-linje-v-150x2.png 150w\" data-sizes=\"auto\" src=\"data:image\/svg+xml;base64,PHN2ZyB3aWR0aD0iMSIgaGVpZ2h0PSIxIiB4bWxucz0iaHR0cDovL3d3dy53My5vcmcvMjAwMC9zdmciPjwvc3ZnPg==\" style=\"--smush-placeholder-width: 330px; --smush-placeholder-aspect-ratio: 330\/2;\" data-original-sizes=\"(max-width: 330px) 100vw, 330px\" \/>\t\t\t\t\t\t\t\t\t\t\t\t\t\t\t<\/div>\n\t\t\t\t<\/div>\n\t\t\t\t<div class=\"elementor-element elementor-element-af913dd elementor-widget elementor-widget-heading\" data-id=\"af913dd\" data-element_type=\"widget\" data-e-type=\"widget\" data-widget_type=\"heading.default\">\n\t\t\t\t<div class=\"elementor-widget-container\">\n\t\t\t\t\t<h1 class=\"elementor-heading-title elementor-size-small\">WHAT<\/h1>\t\t\t\t<\/div>\n\t\t\t\t<\/div>\n\t\t\t\t<div class=\"elementor-element elementor-element-d1fbeb9 elementor-widget elementor-widget-text-editor\" data-id=\"d1fbeb9\" data-element_type=\"widget\" data-e-type=\"widget\" data-widget_type=\"text-editor.default\">\n\t\t\t\t<div class=\"elementor-widget-container\">\n\t\t\t\t\t\t\t\t\t<p>The brand&#8217;s first physical store opened on Kungsgatan 3, and as the company grows, so does the need for larger premises.\u00a0<span class=\"JLqJ4b\" data-language-for-alternatives=\"en\" data-language-to-translate-into=\"sv\" data-phrase-index=\"1\"><span class=\"JLqJ4b ChMk0b\" data-language-for-alternatives=\"en\" data-language-to-translate-into=\"sv\" data-phrase-index=\"2\">The first store&#8217;s area of 70 sqm is growing significantly, to a full 350 sqm, by linking the basement area under the existing store through a staircase in the opening between the both floors.<\/span><\/span><\/p>\n\t\t\t\t\t\t\t\t<\/div>\n\t\t\t\t<\/div>\n\t\t\t\t<div class=\"elementor-element elementor-element-daf9ef4 elementor-widget elementor-widget-heading\" data-id=\"daf9ef4\" data-element_type=\"widget\" data-e-type=\"widget\" data-widget_type=\"heading.default\">\n\t\t\t\t<div class=\"elementor-widget-container\">\n\t\t\t\t\t<h1 class=\"elementor-heading-title elementor-size-small\">WHO<\/h1>\t\t\t\t<\/div>\n\t\t\t\t<\/div>\n\t\t\t\t<div class=\"elementor-element elementor-element-d57703b elementor-widget elementor-widget-text-editor\" data-id=\"d57703b\" data-element_type=\"widget\" data-e-type=\"widget\" data-widget_type=\"text-editor.default\">\n\t\t\t\t<div class=\"elementor-widget-container\">\n\t\t\t\t\t\t\t\t\t<p><a href=\"https:\/\/www.adaysmarch.com\/\">A Day&#8217;s March<\/a> creative director Pelle Lundquist together with interior designer Daniel Braconier have designed the store and are the ones behind the concept. <span class=\"JLqJ4b ChMk0b\" data-language-for-alternatives=\"en\" data-language-to-translate-into=\"sv\" data-phrase-index=\"1\">Together with project management from <a href=\"https:\/\/spaceinthemaking.com\">Space In The Making<\/a>, LSI has worked closely with all parties involved to reach the ultimate goal.<\/span><\/p>\t\t\t\t\t\t\t\t<\/div>\n\t\t\t\t<\/div>\n\t\t\t\t<div class=\"elementor-element elementor-element-e98c959 elementor-widget elementor-widget-heading\" data-id=\"e98c959\" data-element_type=\"widget\" data-e-type=\"widget\" data-widget_type=\"heading.default\">\n\t\t\t\t<div class=\"elementor-widget-container\">\n\t\t\t\t\t<h1 class=\"elementor-heading-title elementor-size-small\">HOW<\/h1>\t\t\t\t<\/div>\n\t\t\t\t<\/div>\n\t\t\t\t<div class=\"elementor-element elementor-element-83d3b8c elementor-widget elementor-widget-text-editor\" data-id=\"83d3b8c\" data-element_type=\"widget\" data-e-type=\"widget\" data-widget_type=\"text-editor.default\">\n\t\t\t\t<div class=\"elementor-widget-container\">\n\t\t\t\t\t\t\t\t\t<p>The creative process has been based on the premises&#8217; natural conditions when the design of the interior took place. Together with project management from Space In The Making, our people at LSI have worked closely with the customer and acted as a sounding board in matters relating to materials, construction and surface treatment. In selected and critical parts of the interior, careful construction drawings have been produced and reconciled with the customer and project management on site in.\u00a0<\/p><p>Above all, wall panels in oak in the test rooms has been carefully coordinated with the parties involved for the best outcome. In close coordination with those responsible, delivery and assembly plans have been planned and carried out by us at LSI and the results can be seen below.<\/p><p>The shop consists of interior in light white-stained oak, tables in solid pine painted in different signature colors, marble, and selected stainless steel details. In some cases, existing furnishings have been chosen to be reused, for example a storage part in the upper floor that has been given new fronts in oak and a top plate of Carrera marble.<\/p>\t\t\t\t\t\t\t\t<\/div>\n\t\t\t\t<\/div>\n\t\t\t\t\t<\/div>\n\t\t<\/div>\n\t\t\t\t\t<\/div>\n\t\t<\/section>\n\t\t\t\t<section class=\"elementor-section elementor-top-section elementor-element elementor-element-f9c590e elementor-section-boxed elementor-section-height-default elementor-section-height-default\" data-id=\"f9c590e\" data-element_type=\"section\" data-e-type=\"section\" data-settings=\"{&quot;shape_divider_bottom&quot;:&quot;triangle&quot;,&quot;shape_divider_bottom_negative&quot;:&quot;yes&quot;,&quot;background_background&quot;:&quot;classic&quot;}\">\n\t\t\t\t\t<div class=\"elementor-shape elementor-shape-bottom\" aria-hidden=\"true\" data-negative=\"true\">\n\t\t\t<svg xmlns=\"http:\/\/www.w3.org\/2000\/svg\" viewBox=\"0 0 1000 100\" preserveAspectRatio=\"none\">\n\t<path class=\"elementor-shape-fill\" d=\"M500.2,94.7L0,0v100h1000V0L500.2,94.7z\"\/>\n<\/svg>\t\t<\/div>\n\t\t\t\t\t<div class=\"elementor-container elementor-column-gap-wider\">\n\t\t\t\t\t<div class=\"elementor-column elementor-col-100 elementor-top-column elementor-element elementor-element-fd33edd\" data-id=\"fd33edd\" data-element_type=\"column\" data-e-type=\"column\">\n\t\t\t<div class=\"elementor-widget-wrap elementor-element-populated\">\n\t\t\t\t\t\t<div class=\"elementor-element elementor-element-8dca508 elementor-widget__width-auto elementor-hidden-phone elementor-widget elementor-widget-image\" data-id=\"8dca508\" data-element_type=\"widget\" data-e-type=\"widget\" data-widget_type=\"image.default\">\n\t\t\t\t<div class=\"elementor-widget-container\">\n\t\t\t\t\t\t\t\t\t\t\t\t\t\t\t<img decoding=\"async\" width=\"326\" height=\"2\" data-src=\"https:\/\/lsigroup.se\/wp-content\/uploads\/2019\/12\/gradient-linje-h.png\" class=\"attachment-full size-full wp-image-1360 lazyload\" alt=\"\" data-srcset=\"https:\/\/lsigroup.se\/wp-content\/uploads\/2019\/12\/gradient-linje-h.png 326w, https:\/\/lsigroup.se\/wp-content\/uploads\/2019\/12\/gradient-linje-h-300x2.png 300w, https:\/\/lsigroup.se\/wp-content\/uploads\/2019\/12\/gradient-linje-h-150x2.png 150w\" data-sizes=\"auto\" src=\"data:image\/svg+xml;base64,PHN2ZyB3aWR0aD0iMSIgaGVpZ2h0PSIxIiB4bWxucz0iaHR0cDovL3d3dy53My5vcmcvMjAwMC9zdmciPjwvc3ZnPg==\" style=\"--smush-placeholder-width: 326px; --smush-placeholder-aspect-ratio: 326\/2;\" data-original-sizes=\"(max-width: 326px) 100vw, 326px\" \/>\t\t\t\t\t\t\t\t\t\t\t\t\t\t\t<\/div>\n\t\t\t\t<\/div>\n\t\t\t\t<div class=\"elementor-element elementor-element-e8df739 elementor-widget__width-auto elementor-widget elementor-widget-heading\" data-id=\"e8df739\" data-element_type=\"widget\" data-e-type=\"widget\" data-widget_type=\"heading.default\">\n\t\t\t\t<div class=\"elementor-widget-container\">\n\t\t\t\t\t<h1 class=\"elementor-heading-title elementor-size-default\">THE RESULT<\/h1>\t\t\t\t<\/div>\n\t\t\t\t<\/div>\n\t\t\t\t<div class=\"elementor-element elementor-element-0d942e9 elementor-widget__width-auto elementor-hidden-phone elementor-widget elementor-widget-image\" data-id=\"0d942e9\" data-element_type=\"widget\" data-e-type=\"widget\" data-widget_type=\"image.default\">\n\t\t\t\t<div class=\"elementor-widget-container\">\n\t\t\t\t\t\t\t\t\t\t\t\t\t\t\t<img decoding=\"async\" width=\"330\" height=\"2\" data-src=\"https:\/\/lsigroup.se\/wp-content\/uploads\/2019\/12\/gradient-linje-v.png\" class=\"attachment-full size-full wp-image-1361 lazyload\" alt=\"\" data-srcset=\"https:\/\/lsigroup.se\/wp-content\/uploads\/2019\/12\/gradient-linje-v.png 330w, https:\/\/lsigroup.se\/wp-content\/uploads\/2019\/12\/gradient-linje-v-300x2.png 300w, https:\/\/lsigroup.se\/wp-content\/uploads\/2019\/12\/gradient-linje-v-150x2.png 150w\" data-sizes=\"auto\" src=\"data:image\/svg+xml;base64,PHN2ZyB3aWR0aD0iMSIgaGVpZ2h0PSIxIiB4bWxucz0iaHR0cDovL3d3dy53My5vcmcvMjAwMC9zdmciPjwvc3ZnPg==\" style=\"--smush-placeholder-width: 330px; --smush-placeholder-aspect-ratio: 330\/2;\" data-original-sizes=\"(max-width: 330px) 100vw, 330px\" \/>\t\t\t\t\t\t\t\t\t\t\t\t\t\t\t<\/div>\n\t\t\t\t<\/div>\n\t\t\t\t<div class=\"elementor-element elementor-element-1b53519 elementor-widget elementor-widget-gallery\" data-id=\"1b53519\" data-element_type=\"widget\" data-e-type=\"widget\" data-settings=\"{&quot;columns&quot;:2,&quot;aspect_ratio&quot;:&quot;1:1&quot;,&quot;lazyload&quot;:&quot;yes&quot;,&quot;gallery_layout&quot;:&quot;grid&quot;,&quot;columns_tablet&quot;:2,&quot;columns_mobile&quot;:1,&quot;gap&quot;:{&quot;unit&quot;:&quot;px&quot;,&quot;size&quot;:10,&quot;sizes&quot;:[]},&quot;gap_tablet&quot;:{&quot;unit&quot;:&quot;px&quot;,&quot;size&quot;:10,&quot;sizes&quot;:[]},&quot;gap_mobile&quot;:{&quot;unit&quot;:&quot;px&quot;,&quot;size&quot;:10,&quot;sizes&quot;:[]},&quot;link_to&quot;:&quot;file&quot;,&quot;overlay_background&quot;:&quot;yes&quot;,&quot;content_hover_animation&quot;:&quot;fade-in&quot;}\" data-widget_type=\"gallery.default\">\n\t\t\t\t<div class=\"elementor-widget-container\">\n\t\t\t\t\t\t\t<div class=\"elementor-gallery__container\">\n\t\t\t\t\t\t\t<a class=\"e-gallery-item elementor-gallery-item elementor-animated-content\" href=\"https:\/\/lsigroup.se\/wp-content\/uploads\/2020\/12\/4.jpg\" data-elementor-open-lightbox=\"yes\" data-elementor-lightbox-slideshow=\"1b53519\" data-e-action-hash=\"#elementor-action%3Aaction%3Dlightbox%26settings%3DeyJpZCI6MzUwOCwidXJsIjoiaHR0cHM6XC9cL2xzaWdyb3VwLnNlXC93cC1jb250ZW50XC91cGxvYWRzXC8yMDIwXC8xMlwvNC5qcGciLCJzbGlkZXNob3ciOiIxYjUzNTE5In0%3D\">\n\t\t\t\t\t<div class=\"e-gallery-image elementor-gallery-item__image\" data-thumbnail=\"https:\/\/lsigroup.se\/wp-content\/uploads\/2020\/12\/4.jpg\" data-width=\"801\" data-height=\"1200\" aria-label=\"\" role=\"img\" ><\/div>\n\t\t\t\t\t\t\t\t\t\t\t<div class=\"elementor-gallery-item__overlay\"><\/div>\n\t\t\t\t\t\t\t\t\t\t\t\t\t\t<\/a>\n\t\t\t\t\t\t\t<a class=\"e-gallery-item elementor-gallery-item elementor-animated-content\" href=\"https:\/\/lsigroup.se\/wp-content\/uploads\/2020\/12\/3.jpg\" data-elementor-open-lightbox=\"yes\" data-elementor-lightbox-slideshow=\"1b53519\" data-e-action-hash=\"#elementor-action%3Aaction%3Dlightbox%26settings%3DeyJpZCI6MzUwNiwidXJsIjoiaHR0cHM6XC9cL2xzaWdyb3VwLnNlXC93cC1jb250ZW50XC91cGxvYWRzXC8yMDIwXC8xMlwvMy5qcGciLCJzbGlkZXNob3ciOiIxYjUzNTE5In0%3D\">\n\t\t\t\t\t<div class=\"e-gallery-image elementor-gallery-item__image\" data-thumbnail=\"https:\/\/lsigroup.se\/wp-content\/uploads\/2020\/12\/3.jpg\" data-width=\"1200\" data-height=\"800\" aria-label=\"\" role=\"img\" ><\/div>\n\t\t\t\t\t\t\t\t\t\t\t<div class=\"elementor-gallery-item__overlay\"><\/div>\n\t\t\t\t\t\t\t\t\t\t\t\t\t\t<\/a>\n\t\t\t\t\t\t\t<a class=\"e-gallery-item elementor-gallery-item elementor-animated-content\" href=\"https:\/\/lsigroup.se\/wp-content\/uploads\/2020\/12\/2.jpg\" data-elementor-open-lightbox=\"yes\" data-elementor-lightbox-slideshow=\"1b53519\" data-e-action-hash=\"#elementor-action%3Aaction%3Dlightbox%26settings%3DeyJpZCI6MzUwNCwidXJsIjoiaHR0cHM6XC9cL2xzaWdyb3VwLnNlXC93cC1jb250ZW50XC91cGxvYWRzXC8yMDIwXC8xMlwvMi5qcGciLCJzbGlkZXNob3ciOiIxYjUzNTE5In0%3D\">\n\t\t\t\t\t<div class=\"e-gallery-image elementor-gallery-item__image\" data-thumbnail=\"https:\/\/lsigroup.se\/wp-content\/uploads\/2020\/12\/2.jpg\" data-width=\"1200\" data-height=\"801\" aria-label=\"\" role=\"img\" ><\/div>\n\t\t\t\t\t\t\t\t\t\t\t<div class=\"elementor-gallery-item__overlay\"><\/div>\n\t\t\t\t\t\t\t\t\t\t\t\t\t\t<\/a>\n\t\t\t\t\t\t\t<a class=\"e-gallery-item elementor-gallery-item elementor-animated-content\" href=\"https:\/\/lsigroup.se\/wp-content\/uploads\/2020\/12\/5.jpg\" data-elementor-open-lightbox=\"yes\" data-elementor-lightbox-slideshow=\"1b53519\" data-e-action-hash=\"#elementor-action%3Aaction%3Dlightbox%26settings%3DeyJpZCI6MzUxMCwidXJsIjoiaHR0cHM6XC9cL2xzaWdyb3VwLnNlXC93cC1jb250ZW50XC91cGxvYWRzXC8yMDIwXC8xMlwvNS5qcGciLCJzbGlkZXNob3ciOiIxYjUzNTE5In0%3D\">\n\t\t\t\t\t<div class=\"e-gallery-image elementor-gallery-item__image\" data-thumbnail=\"https:\/\/lsigroup.se\/wp-content\/uploads\/2020\/12\/5.jpg\" data-width=\"1200\" data-height=\"801\" aria-label=\"\" role=\"img\" ><\/div>\n\t\t\t\t\t\t\t\t\t\t\t<div class=\"elementor-gallery-item__overlay\"><\/div>\n\t\t\t\t\t\t\t\t\t\t\t\t\t\t<\/a>\n\t\t\t\t\t<\/div>\n\t\t\t\t\t<\/div>\n\t\t\t\t<\/div>\n\t\t\t\t\t<\/div>\n\t\t<\/div>\n\t\t\t\t\t<\/div>\n\t\t<\/section>\n\t\t\t\t<\/div>\n\t\t","protected":false},"excerpt":{"rendered":"<p>BRAND A Day\u2019s March was founded in 2014 by Marcus G\u00e5rd\u00f6, Pelle Lundquist and Stefan Pagr\u00e9us, with the idea of offering timeless, high-quality menswear at a better price. The name, A Day&#8217;s March, is borrowed from an old military term that refers to how far an army can move in a day. It reflects the [&hellip;]<\/p>\n","protected":false},"author":6,"featured_media":0,"parent":0,"menu_order":0,"comment_status":"closed","ping_status":"closed","template":"","meta":{"footnotes":""},"class_list":["post-3494","page","type-page","status-publish","hentry"],"_links":{"self":[{"href":"https:\/\/lsigroup.se\/en\/wp-json\/wp\/v2\/pages\/3494","targetHints":{"allow":["GET"]}}],"collection":[{"href":"https:\/\/lsigroup.se\/en\/wp-json\/wp\/v2\/pages"}],"about":[{"href":"https:\/\/lsigroup.se\/en\/wp-json\/wp\/v2\/types\/page"}],"author":[{"embeddable":true,"href":"https:\/\/lsigroup.se\/en\/wp-json\/wp\/v2\/users\/6"}],"replies":[{"embeddable":true,"href":"https:\/\/lsigroup.se\/en\/wp-json\/wp\/v2\/comments?post=3494"}],"version-history":[{"count":0,"href":"https:\/\/lsigroup.se\/en\/wp-json\/wp\/v2\/pages\/3494\/revisions"}],"wp:attachment":[{"href":"https:\/\/lsigroup.se\/en\/wp-json\/wp\/v2\/media?parent=3494"}],"curies":[{"name":"wp","href":"https:\/\/api.w.org\/{rel}","templated":true}]}}